{"id":956,"date":"2022-07-01T19:01:50","date_gmt":"2022-07-01T19:01:50","guid":{"rendered":"https:\/\/persecom.es\/?page_id=956"},"modified":"2022-07-01T19:17:31","modified_gmt":"2022-07-01T19:17:31","slug":"pbx-reinventado-para-el-teletrabajo","status":"publish","type":"page","link":"https:\/\/persecom.es\/index.php\/pbx-reinventado-para-el-teletrabajo\/","title":{"rendered":"PBX Reinventado para el Teletrabajo"},"content":{"rendered":"\t\t<div data-elementor-type=\"wp-page\" data-elementor-id=\"956\" class=\"elementor elementor-956\">\n\t\t\t\t\t\t\t\t\t<section class=\"elementor-section elementor-top-section elementor-element elementor-element-29c0566c elementor-section-content-middle elementor-section-boxed elementor-section-height-default elementor-section-height-default\" data-id=\"29c0566c\" data-element_type=\"section\">\n\t\t\t\t\t\t<div class=\"elementor-container elementor-column-gap-no\">\n\t\t\t\t\t<div class=\"elementor-column elementor-col-100 elementor-top-column elementor-element elementor-element-6881d10d\" data-id=\"6881d10d\" data-element_type=\"column\">\n\t\t\t<div class=\"elementor-widget-wrap elementor-element-populated\">\n\t\t\t\t\t\t\t\t<div class=\"elementor-element elementor-element-ada6e14 elementor-widget elementor-widget-heading\" data-id=\"ada6e14\" data-element_type=\"widget\" data-widget_type=\"heading.default\">\n\t\t\t\t<div class=\"elementor-widget-container\">\n\t\t\t<style>\/*! elementor - v3.6.5 - 27-04-2022 *\/\n.elementor-heading-title{padding:0;margin:0;line-height:1}.elementor-widget-heading .elementor-heading-title[class*=elementor-size-]>a{color:inherit;font-size:inherit;line-height:inherit}.elementor-widget-heading .elementor-heading-title.elementor-size-small{font-size:15px}.elementor-widget-heading .elementor-heading-title.elementor-size-medium{font-size:19px}.elementor-widget-heading .elementor-heading-title.elementor-size-large{font-size:29px}.elementor-widget-heading .elementor-heading-title.elementor-size-xl{font-size:39px}.elementor-widget-heading .elementor-heading-title.elementor-size-xxl{font-size:59px}<\/style><h2 class=\"elementor-heading-title elementor-size-default\">CENTRALITA TELEF\u00d3NICA\nPARA SU NEGOCIO<\/h2>\t\t<\/div>\n\t\t\t\t<\/div>\n\t\t\t\t<div class=\"elementor-element elementor-element-0a5c043 elementor-widget elementor-widget-text-editor\" data-id=\"0a5c043\" data-element_type=\"widget\" data-widget_type=\"text-editor.default\">\n\t\t\t\t<div class=\"elementor-widget-container\">\n\t\t\t<style>\/*! elementor - v3.6.5 - 27-04-2022 *\/\n.elementor-widget-text-editor.elementor-drop-cap-view-stacked .elementor-drop-cap{background-color:#818a91;color:#fff}.elementor-widget-text-editor.elementor-drop-cap-view-framed .elementor-drop-cap{color:#818a91;border:3px solid;background-color:transparent}.elementor-widget-text-editor:not(.elementor-drop-cap-view-default) .elementor-drop-cap{margin-top:8px}.elementor-widget-text-editor:not(.elementor-drop-cap-view-default) .elementor-drop-cap-letter{width:1em;height:1em}.elementor-widget-text-editor .elementor-drop-cap{float:left;text-align:center;line-height:1;font-size:50px}.elementor-widget-text-editor .elementor-drop-cap-letter{display:inline-block}<\/style>\t\t\t\t<p>Acelere el crecimiento de su negocio con la Centralita Telef\u00f3nica. No dependa solo de llamadas telef\u00f3nicas para comunicarse con sus clientes, utilice tambi\u00e9n chat en vivo, Facebook messenger, mensajer\u00eda SMS y videoconferencias.<\/p><p>Todo esto desde una misma interfaz sin tener que cambiar entre apps. Seleccione entre todas nuestras opciones de cliente (desktop app, cliente web y apps para m\u00f3vil o conecte f\u00e1cilmente un tel\u00e9fono IP soportado).\u00a0<\/p>\t\t\t\t\t\t<\/div>\n\t\t\t\t<\/div>\n\t\t\t\t\t<\/div>\n\t\t<\/div>\n\t\t\t\t\t\t\t<\/div>\n\t\t<\/section>\n\t\t\t\t<section class=\"elementor-section elementor-top-section elementor-element elementor-element-452ecd54 elementor-section-content-middle elementor-section-boxed elementor-section-height-default elementor-section-height-default\" data-id=\"452ecd54\" data-element_type=\"section\">\n\t\t\t\t\t\t<div class=\"elementor-container elementor-column-gap-no\">\n\t\t\t\t\t<div class=\"elementor-column elementor-col-100 elementor-top-column elementor-element elementor-element-50e30295\" data-id=\"50e30295\" data-element_type=\"column\">\n\t\t\t<div class=\"elementor-widget-wrap elementor-element-populated\">\n\t\t\t\t\t\t\t\t<section class=\"elementor-section elementor-inner-section elementor-element elementor-element-3a6aff37 elementor-section-content-middle elementor-section-boxed elementor-section-height-default elementor-section-height-default\" data-id=\"3a6aff37\" data-element_type=\"section\">\n\t\t\t\t\t\t<div class=\"elementor-container elementor-column-gap-default\">\n\t\t\t\t\t<div class=\"elementor-column elementor-col-50 elementor-inner-column elementor-element elementor-element-334ba9f6\" data-id=\"334ba9f6\" data-element_type=\"column\">\n\t\t\t<div class=\"elementor-widget-wrap elementor-element-populated\">\n\t\t\t\t\t\t\t\t<div class=\"elementor-element elementor-element-2d9337f2 elementor-widget elementor-widget-image\" data-id=\"2d9337f2\" data-element_type=\"widget\" data-widget_type=\"image.default\">\n\t\t\t\t<div class=\"elementor-widget-container\">\n\t\t\t<style>\/*! elementor - v3.6.5 - 27-04-2022 *\/\n.elementor-widget-image{text-align:center}.elementor-widget-image a{display:inline-block}.elementor-widget-image a img[src$=\".svg\"]{width:48px}.elementor-widget-image img{vertical-align:middle;display:inline-block}<\/style>\t\t\t\t\t\t\t\t\t\t\t\t<img loading=\"lazy\" decoding=\"async\" width=\"1024\" height=\"635\" src=\"https:\/\/persecom.es\/wp-content\/uploads\/2022\/07\/Sin-titulo-2-1024x635.png\" class=\"attachment-large size-large\" alt=\"\" srcset=\"https:\/\/persecom.es\/wp-content\/uploads\/2022\/07\/Sin-titulo-2-1024x635.png 1024w, https:\/\/persecom.es\/wp-content\/uploads\/2022\/07\/Sin-titulo-2-300x186.png 300w, https:\/\/persecom.es\/wp-content\/uploads\/2022\/07\/Sin-titulo-2-768x476.png 768w, https:\/\/persecom.es\/wp-content\/uploads\/2022\/07\/Sin-titulo-2.png 1082w\" sizes=\"auto, (max-width: 1024px) 100vw, 1024px\" \/>\t\t\t\t\t\t\t\t\t\t\t\t\t\t\t<\/div>\n\t\t\t\t<\/div>\n\t\t\t\t\t<\/div>\n\t\t<\/div>\n\t\t\t\t<div class=\"elementor-column elementor-col-50 elementor-inner-column elementor-element elementor-element-229b1c68\" data-id=\"229b1c68\" data-element_type=\"column\">\n\t\t\t<div class=\"elementor-widget-wrap elementor-element-populated\">\n\t\t\t\t\t\t\t\t<div class=\"elementor-element elementor-element-1693116 elementor-widget elementor-widget-heading\" data-id=\"1693116\" data-element_type=\"widget\" data-widget_type=\"heading.default\">\n\t\t\t\t<div class=\"elementor-widget-container\">\n\t\t\t<h2 class=\"elementor-heading-title elementor-size-default\">3CX es econ\u00f3mico y crece con su negocio<\/h2>\t\t<\/div>\n\t\t\t\t<\/div>\n\t\t\t\t<div class=\"elementor-element elementor-element-e6f7f41 elementor-widget elementor-widget-text-editor\" data-id=\"e6f7f41\" data-element_type=\"widget\" data-widget_type=\"text-editor.default\">\n\t\t\t\t<div class=\"elementor-widget-container\">\n\t\t\t\t\t\t\t<ul><li>Sin precio por usuario y mes. Un pago anual seg\u00fan el tama\u00f1o de la centralita.<\/li><li>Traiga su troncal SIP, controle sus n\u00fameros, y reduzca el coste de llamadas.<\/li><li>Sin complementos extras, tan solo ediciones de licencia.<\/li><li>Ahorre dinero y conecte sus tel\u00e9fonos IP existentes.<\/li><li>Administraci\u00f3n simple con actualizaciones y backups autom\u00e1ticas.<\/li><\/ul>\t\t\t\t\t\t<\/div>\n\t\t\t\t<\/div>\n\t\t\t\t\t<\/div>\n\t\t<\/div>\n\t\t\t\t\t\t\t<\/div>\n\t\t<\/section>\n\t\t\t\t<section class=\"elementor-section elementor-inner-section elementor-element elementor-element-2b63ac7 elementor-section-content-middle elementor-section-boxed elementor-section-height-default elementor-section-height-default\" data-id=\"2b63ac7\" data-element_type=\"section\">\n\t\t\t\t\t\t<div class=\"elementor-container elementor-column-gap-default\">\n\t\t\t\t\t<div class=\"elementor-column elementor-col-50 elementor-inner-column elementor-element elementor-element-4a0bdb3\" data-id=\"4a0bdb3\" data-element_type=\"column\">\n\t\t\t<div class=\"elementor-widget-wrap elementor-element-populated\">\n\t\t\t\t\t\t\t\t<div class=\"elementor-element elementor-element-a75605f elementor-widget elementor-widget-heading\" data-id=\"a75605f\" data-element_type=\"widget\" data-widget_type=\"heading.default\">\n\t\t\t\t<div class=\"elementor-widget-container\">\n\t\t\t<h2 class=\"elementor-heading-title elementor-size-default\">Con chat en vivo y mensajes de redes sociales incluidos<\/h2>\t\t<\/div>\n\t\t\t\t<\/div>\n\t\t\t\t<div class=\"elementor-element elementor-element-569a3e1 elementor-widget elementor-widget-text-editor\" data-id=\"569a3e1\" data-element_type=\"widget\" data-widget_type=\"text-editor.default\">\n\t\t\t\t<div class=\"elementor-widget-container\">\n\t\t\t\t\t\t\t<ul><li>Convierta visitantes web en conversiones con el chat en vivo.<\/li><li>Sus clientes podr\u00e1n llamarle gratis desde su sitio web con un solo clic.<\/li><li>Responda a mensajes de Facebook al instante para impresionar a visitantes.<\/li><li>Use mensajer\u00eda SMS para enviar recordatorios y actualizaciones a clientes.<\/li><li>Integre su CRM\u00a0para conocer con qui\u00e9n est\u00e1 hablando o chateando.<\/li><\/ul>\t\t\t\t\t\t<\/div>\n\t\t\t\t<\/div>\n\t\t\t\t\t<\/div>\n\t\t<\/div>\n\t\t\t\t<div class=\"elementor-column elementor-col-50 elementor-inner-column elementor-element elementor-element-e925b62\" data-id=\"e925b62\" data-element_type=\"column\">\n\t\t\t<div class=\"elementor-widget-wrap elementor-element-populated\">\n\t\t\t\t\t\t\t\t<div class=\"elementor-element elementor-element-381e31f elementor-widget elementor-widget-image\" data-id=\"381e31f\" data-element_type=\"widget\" data-widget_type=\"image.default\">\n\t\t\t\t<div class=\"elementor-widget-container\">\n\t\t\t\t\t\t\t\t\t\t\t\t\t\t\t<img loading=\"lazy\" decoding=\"async\" width=\"1024\" height=\"661\" src=\"https:\/\/persecom.es\/wp-content\/uploads\/2022\/07\/Sin-titulo-3-1024x661.png\" class=\"attachment-large size-large\" alt=\"\" srcset=\"https:\/\/persecom.es\/wp-content\/uploads\/2022\/07\/Sin-titulo-3-1024x661.png 1024w, https:\/\/persecom.es\/wp-content\/uploads\/2022\/07\/Sin-titulo-3-300x194.png 300w, https:\/\/persecom.es\/wp-content\/uploads\/2022\/07\/Sin-titulo-3-768x496.png 768w, https:\/\/persecom.es\/wp-content\/uploads\/2022\/07\/Sin-titulo-3.png 1079w\" sizes=\"auto, (max-width: 1024px) 100vw, 1024px\" \/>\t\t\t\t\t\t\t\t\t\t\t\t\t\t\t<\/div>\n\t\t\t\t<\/div>\n\t\t\t\t\t<\/div>\n\t\t<\/div>\n\t\t\t\t\t\t\t<\/div>\n\t\t<\/section>\n\t\t\t\t<section class=\"elementor-section elementor-inner-section elementor-element elementor-element-a19583c elementor-section-content-middle elementor-section-boxed elementor-section-height-default elementor-section-height-default\" data-id=\"a19583c\" data-element_type=\"section\">\n\t\t\t\t\t\t<div class=\"elementor-container elementor-column-gap-default\">\n\t\t\t\t\t<div class=\"elementor-column elementor-col-50 elementor-inner-column elementor-element elementor-element-14933f5\" data-id=\"14933f5\" data-element_type=\"column\">\n\t\t\t<div class=\"elementor-widget-wrap elementor-element-populated\">\n\t\t\t\t\t\t\t\t<div class=\"elementor-element elementor-element-a32eb82 elementor-widget elementor-widget-image\" data-id=\"a32eb82\" data-element_type=\"widget\" data-widget_type=\"image.default\">\n\t\t\t\t<div class=\"elementor-widget-container\">\n\t\t\t\t\t\t\t\t\t\t\t\t\t\t\t<img loading=\"lazy\" decoding=\"async\" width=\"1024\" height=\"572\" src=\"https:\/\/persecom.es\/wp-content\/uploads\/2022\/07\/Sin-titulo-6-1024x572.png\" class=\"attachment-large size-large\" alt=\"\" srcset=\"https:\/\/persecom.es\/wp-content\/uploads\/2022\/07\/Sin-titulo-6-1024x572.png 1024w, https:\/\/persecom.es\/wp-content\/uploads\/2022\/07\/Sin-titulo-6-300x168.png 300w, https:\/\/persecom.es\/wp-content\/uploads\/2022\/07\/Sin-titulo-6-768x429.png 768w, https:\/\/persecom.es\/wp-content\/uploads\/2022\/07\/Sin-titulo-6.png 1077w\" sizes=\"auto, (max-width: 1024px) 100vw, 1024px\" \/>\t\t\t\t\t\t\t\t\t\t\t\t\t\t\t<\/div>\n\t\t\t\t<\/div>\n\t\t\t\t\t<\/div>\n\t\t<\/div>\n\t\t\t\t<div class=\"elementor-column elementor-col-50 elementor-inner-column elementor-element elementor-element-10e6634\" data-id=\"10e6634\" data-element_type=\"column\">\n\t\t\t<div class=\"elementor-widget-wrap elementor-element-populated\">\n\t\t\t\t\t\t\t\t<div class=\"elementor-element elementor-element-6890cfb elementor-widget elementor-widget-heading\" data-id=\"6890cfb\" data-element_type=\"widget\" data-widget_type=\"heading.default\">\n\t\t\t\t<div class=\"elementor-widget-container\">\n\t\t\t<h2 class=\"elementor-heading-title elementor-size-default\">Lleve su n\u00famero empresarial a cualquier lugar<\/h2>\t\t<\/div>\n\t\t\t\t<\/div>\n\t\t\t\t<div class=\"elementor-element elementor-element-c25d2d1 elementor-widget elementor-widget-text-editor\" data-id=\"c25d2d1\" data-element_type=\"widget\" data-widget_type=\"text-editor.default\">\n\t\t\t\t<div class=\"elementor-widget-container\">\n\t\t\t\t\t\t\t<ul><li>Use su n\u00famero empresarial para recibir llamadas desde su smartphone.<\/li><li>Apps para iOS y Android para mantener a su equipo conectado.<\/li><li>Incluye cliente web y desktop app. Ideal para facilitar el teletrabajo a su equipo.<\/li><li>Actualice su estado para mostrar cuando esta disponible o de vacaciones.<\/li><li>Administre remotamente su sistema y usuarios desde cualquier lugar<\/li><\/ul>\t\t\t\t\t\t<\/div>\n\t\t\t\t<\/div>\n\t\t\t\t\t<\/div>\n\t\t<\/div>\n\t\t\t\t\t\t\t<\/div>\n\t\t<\/section>\n\t\t\t\t<section class=\"elementor-section elementor-inner-section elementor-element elementor-element-1cc2ad71 elementor-section-content-middle elementor-section-full_width elementor-section-height-default elementor-section-height-default\" data-id=\"1cc2ad71\" data-element_type=\"section\">\n\t\t\t\t\t\t<div class=\"elementor-container elementor-column-gap-no\">\n\t\t\t\t\t<div class=\"elementor-column elementor-col-50 elementor-inner-column elementor-element elementor-element-127663cf\" data-id=\"127663cf\" data-element_type=\"column\">\n\t\t\t<div class=\"elementor-widget-wrap elementor-element-populated\">\n\t\t\t\t\t\t\t\t<div class=\"elementor-element elementor-element-3ca649ae elementor-widget elementor-widget-heading\" data-id=\"3ca649ae\" data-element_type=\"widget\" data-widget_type=\"heading.default\">\n\t\t\t\t<div class=\"elementor-widget-container\">\n\t\t\t<h2 class=\"elementor-heading-title elementor-size-default\">Reuni\u00f3n a trav\u00e9s de videoconferencias, \u00a1es gratis!<\/h2>\t\t<\/div>\n\t\t\t\t<\/div>\n\t\t\t\t<div class=\"elementor-element elementor-element-7221c6a1 elementor-widget elementor-widget-text-editor\" data-id=\"7221c6a1\" data-element_type=\"widget\" data-widget_type=\"text-editor.default\">\n\t\t\t\t<div class=\"elementor-widget-container\">\n\t\t\t\t\t\t\t<ul><li>Integrada gratis sin limite de tiempo en la duraci\u00f3n de la reuni\u00f3n.<\/li><li>Sin descargas. Hasta 250 participantes para unirse desde su navegador.<\/li><li>Programar conferencias f\u00e1cilmente y a\u00f1adir a su calendario autom\u00e1ticamente.<\/li><li>Reproduzca contenido de YouTube, use el whiteboard interactivo y encuestas.<\/li><li>Transmita sus conferencias en YouTube y llegue a millones de personas.<\/li><\/ul>\t\t\t\t\t\t<\/div>\n\t\t\t\t<\/div>\n\t\t\t\t\t<\/div>\n\t\t<\/div>\n\t\t\t\t<div class=\"elementor-column elementor-col-50 elementor-inner-column elementor-element elementor-element-63fcb02e\" data-id=\"63fcb02e\" data-element_type=\"column\">\n\t\t\t<div class=\"elementor-widget-wrap elementor-element-populated\">\n\t\t\t\t\t\t\t\t<div class=\"elementor-element elementor-element-6f8e68a3 elementor-widget elementor-widget-image\" data-id=\"6f8e68a3\" data-element_type=\"widget\" data-widget_type=\"image.default\">\n\t\t\t\t<div class=\"elementor-widget-container\">\n\t\t\t\t\t\t\t\t\t\t\t\t\t\t\t<img loading=\"lazy\" decoding=\"async\" width=\"1024\" height=\"681\" src=\"https:\/\/persecom.es\/wp-content\/uploads\/2022\/07\/Sin-titulo-7-1024x681.png\" class=\"attachment-large size-large\" alt=\"\" srcset=\"https:\/\/persecom.es\/wp-content\/uploads\/2022\/07\/Sin-titulo-7-1024x681.png 1024w, https:\/\/persecom.es\/wp-content\/uploads\/2022\/07\/Sin-titulo-7-300x199.png 300w, https:\/\/persecom.es\/wp-content\/uploads\/2022\/07\/Sin-titulo-7-768x511.png 768w, https:\/\/persecom.es\/wp-content\/uploads\/2022\/07\/Sin-titulo-7.png 1080w\" sizes=\"auto, (max-width: 1024px) 100vw, 1024px\" \/>\t\t\t\t\t\t\t\t\t\t\t\t\t\t\t<\/div>\n\t\t\t\t<\/div>\n\t\t\t\t\t<\/div>\n\t\t<\/div>\n\t\t\t\t\t\t\t<\/div>\n\t\t<\/section>\n\t\t\t\t\t<\/div>\n\t\t<\/div>\n\t\t\t\t\t\t\t<\/div>\n\t\t<\/section>\n\t\t\t\t\t\t\t<\/div>\n\t\t","protected":false},"excerpt":{"rendered":"<p>CENTRALITA TELEF\u00d3NICA PARA SU NEGOCIO Acelere el crecimiento de su negocio con la Centralita Telef\u00f3nica. No dependa solo de llamadas telef\u00f3nicas para comunicarse con sus clientes, utilice tambi\u00e9n chat en vivo, Facebook messenger, mensajer\u00eda SMS y videoconferencias. Todo esto desde una misma interfaz sin tener que cambiar entre apps. Seleccione entre todas nuestras opciones de &hellip;<\/p>\n<p class=\"read-more\"> <a class=\"\" href=\"https:\/\/persecom.es\/index.php\/pbx-reinventado-para-el-teletrabajo\/\"> <span class=\"screen-reader-text\">PBX Reinventado para el Teletrabajo<\/span> Leer m\u00e1s \u00bb<\/a><\/p>\n","protected":false},"author":1,"featured_media":0,"parent":0,"menu_order":0,"comment_status":"closed","ping_status":"closed","template":"","meta":{"site-sidebar-layout":"no-sidebar","site-content-layout":"page-builder","ast-global-header-display":"","ast-main-header-display":"","ast-hfb-above-header-display":"","ast-hfb-below-header-display":"","ast-hfb-mobile-header-display":"","site-post-title":"disabled","ast-breadcrumbs-content":"","ast-featured-img":"disabled","footer-sml-layout":"","theme-transparent-header-meta":"","adv-header-id-meta":"","stick-header-meta":"","header-above-stick-meta":"","header-main-stick-meta":"","header-below-stick-meta":"","footnotes":""},"class_list":["post-956","page","type-page","status-publish","hentry"],"_links":{"self":[{"href":"https:\/\/persecom.es\/index.php\/wp-json\/wp\/v2\/pages\/956","targetHints":{"allow":["GET"]}}],"collection":[{"href":"https:\/\/persecom.es\/index.php\/wp-json\/wp\/v2\/pages"}],"about":[{"href":"https:\/\/persecom.es\/index.php\/wp-json\/wp\/v2\/types\/page"}],"author":[{"embeddable":true,"href":"https:\/\/persecom.es\/index.php\/wp-json\/wp\/v2\/users\/1"}],"replies":[{"embeddable":true,"href":"https:\/\/persecom.es\/index.php\/wp-json\/wp\/v2\/comments?post=956"}],"version-history":[{"count":4,"href":"https:\/\/persecom.es\/index.php\/wp-json\/wp\/v2\/pages\/956\/revisions"}],"predecessor-version":[{"id":966,"href":"https:\/\/persecom.es\/index.php\/wp-json\/wp\/v2\/pages\/956\/revisions\/966"}],"wp:attachment":[{"href":"https:\/\/persecom.es\/index.php\/wp-json\/wp\/v2\/media?parent=956"}],"curies":[{"name":"wp","href":"https:\/\/api.w.org\/{rel}","templated":true}]}}