{"id":944,"date":"2022-07-01T18:45:49","date_gmt":"2022-07-01T18:45:49","guid":{"rendered":"https:\/\/persecom.es\/?page_id=944"},"modified":"2022-07-01T18:59:08","modified_gmt":"2022-07-01T18:59:08","slug":"chatee-con-sus-clientes","status":"publish","type":"page","link":"https:\/\/persecom.es\/index.php\/chatee-con-sus-clientes\/","title":{"rendered":"Chatee con sus clientes"},"content":{"rendered":"\t\t<div data-elementor-type=\"wp-page\" data-elementor-id=\"944\" class=\"elementor elementor-944\">\n\t\t\t\t\t\t\t\t\t<section class=\"elementor-section elementor-top-section elementor-element elementor-element-29c0566c elementor-section-content-middle elementor-section-boxed elementor-section-height-default elementor-section-height-default\" data-id=\"29c0566c\" data-element_type=\"section\">\n\t\t\t\t\t\t<div class=\"elementor-container elementor-column-gap-no\">\n\t\t\t\t\t<div class=\"elementor-column elementor-col-100 elementor-top-column elementor-element elementor-element-6881d10d\" data-id=\"6881d10d\" data-element_type=\"column\">\n\t\t\t<div class=\"elementor-widget-wrap elementor-element-populated\">\n\t\t\t\t\t\t\t\t<div class=\"elementor-element elementor-element-ada6e14 elementor-widget elementor-widget-heading\" data-id=\"ada6e14\" data-element_type=\"widget\" data-widget_type=\"heading.default\">\n\t\t\t\t<div class=\"elementor-widget-container\">\n\t\t\t<style>\/*! elementor - v3.6.5 - 27-04-2022 *\/\n.elementor-heading-title{padding:0;margin:0;line-height:1}.elementor-widget-heading .elementor-heading-title[class*=elementor-size-]>a{color:inherit;font-size:inherit;line-height:inherit}.elementor-widget-heading .elementor-heading-title.elementor-size-small{font-size:15px}.elementor-widget-heading .elementor-heading-title.elementor-size-medium{font-size:19px}.elementor-widget-heading .elementor-heading-title.elementor-size-large{font-size:29px}.elementor-widget-heading .elementor-heading-title.elementor-size-xl{font-size:39px}.elementor-widget-heading .elementor-heading-title.elementor-size-xxl{font-size:59px}<\/style><h2 class=\"elementor-heading-title elementor-size-default\">PLATAFORMA DE CHAT EN VIVO\nCHATS O LLAMADAS<\/h2>\t\t<\/div>\n\t\t\t\t<\/div>\n\t\t\t\t<div class=\"elementor-element elementor-element-0a5c043 elementor-widget elementor-widget-text-editor\" data-id=\"0a5c043\" data-element_type=\"widget\" data-widget_type=\"text-editor.default\">\n\t\t\t\t<div class=\"elementor-widget-container\">\n\t\t\t<style>\/*! elementor - v3.6.5 - 27-04-2022 *\/\n.elementor-widget-text-editor.elementor-drop-cap-view-stacked .elementor-drop-cap{background-color:#818a91;color:#fff}.elementor-widget-text-editor.elementor-drop-cap-view-framed .elementor-drop-cap{color:#818a91;border:3px solid;background-color:transparent}.elementor-widget-text-editor:not(.elementor-drop-cap-view-default) .elementor-drop-cap{margin-top:8px}.elementor-widget-text-editor:not(.elementor-drop-cap-view-default) .elementor-drop-cap-letter{width:1em;height:1em}.elementor-widget-text-editor .elementor-drop-cap{float:left;text-align:center;line-height:1;font-size:50px}.elementor-widget-text-editor .elementor-drop-cap-letter{display:inline-block}<\/style>\t\t\t\t<p>Hasta el 50% de los chat en vivo terminan siendo enviados al call center\u2026 con el cliente teniendo que explicar todo de nuevo. En estos casos las plataformas de chat en vivo se convierten en otro obst\u00e1culo que prolonga el tiempo de resoluci\u00f3n. \u00a1Esto no ocurre con la plataforma de chat en vivo 3CX!<\/p><p>El cliente o agente de chat puede elevar el chat al instante a una llamada para una mejor explicaci\u00f3n. Las consultas de clientes con historial pueden compartirse con miembros del equipo para obtener su feedback y resolver el problema r\u00e1pidamente. Tambi\u00e9n puede administrar sus mensajes de Facebook y SMS desde la misma plataforma. Obtenga chat en vivo para su empresa sin pagar 20<span class=\"pricing-currency\">\u20ac<\/span>\u00a0por usuario por mes.<\/p><p>No necesita ninguna apps separadas y obtendr\u00e1 una soluci\u00f3n de videoconferencia web profesional, segura, f\u00e1cil de usar y gratis. Puede organizar todas sus reuniones empresariales online desde su calendario para hablar con su equipo remoto o clientes.<\/p><p>Los participantes pueden unirse a la videoconferencia, ya sea programada o en el momento, directamente desde su navegador sin tener que descargar ninguna app.<\/p>\t\t\t\t\t\t<\/div>\n\t\t\t\t<\/div>\n\t\t\t\t\t<\/div>\n\t\t<\/div>\n\t\t\t\t\t\t\t<\/div>\n\t\t<\/section>\n\t\t\t\t<section class=\"elementor-section elementor-top-section elementor-element elementor-element-452ecd54 elementor-section-content-middle elementor-section-boxed elementor-section-height-default elementor-section-height-default\" data-id=\"452ecd54\" data-element_type=\"section\">\n\t\t\t\t\t\t<div class=\"elementor-container elementor-column-gap-no\">\n\t\t\t\t\t<div class=\"elementor-column elementor-col-100 elementor-top-column elementor-element elementor-element-50e30295\" data-id=\"50e30295\" data-element_type=\"column\">\n\t\t\t<div class=\"elementor-widget-wrap elementor-element-populated\">\n\t\t\t\t\t\t\t\t<section class=\"elementor-section elementor-inner-section elementor-element elementor-element-3a6aff37 elementor-section-content-middle elementor-section-boxed elementor-section-height-default elementor-section-height-default\" data-id=\"3a6aff37\" data-element_type=\"section\">\n\t\t\t\t\t\t<div class=\"elementor-container elementor-column-gap-default\">\n\t\t\t\t\t<div class=\"elementor-column elementor-col-50 elementor-inner-column elementor-element elementor-element-334ba9f6\" data-id=\"334ba9f6\" data-element_type=\"column\">\n\t\t\t<div class=\"elementor-widget-wrap elementor-element-populated\">\n\t\t\t\t\t\t\t\t<div class=\"elementor-element elementor-element-2d9337f2 elementor-widget elementor-widget-image\" data-id=\"2d9337f2\" data-element_type=\"widget\" data-widget_type=\"image.default\">\n\t\t\t\t<div class=\"elementor-widget-container\">\n\t\t\t<style>\/*! elementor - v3.6.5 - 27-04-2022 *\/\n.elementor-widget-image{text-align:center}.elementor-widget-image a{display:inline-block}.elementor-widget-image a img[src$=\".svg\"]{width:48px}.elementor-widget-image img{vertical-align:middle;display:inline-block}<\/style>\t\t\t\t\t\t\t\t\t\t\t\t<img loading=\"lazy\" decoding=\"async\" width=\"1024\" height=\"684\" src=\"https:\/\/persecom.es\/wp-content\/uploads\/2022\/07\/hand-putting-coints-into-piggy-bank-saving-money-and-money-planning-financial-concept-1024x684.jpg\" class=\"attachment-large size-large\" alt=\"\" srcset=\"https:\/\/persecom.es\/wp-content\/uploads\/2022\/07\/hand-putting-coints-into-piggy-bank-saving-money-and-money-planning-financial-concept-1024x684.jpg 1024w, https:\/\/persecom.es\/wp-content\/uploads\/2022\/07\/hand-putting-coints-into-piggy-bank-saving-money-and-money-planning-financial-concept-300x200.jpg 300w, https:\/\/persecom.es\/wp-content\/uploads\/2022\/07\/hand-putting-coints-into-piggy-bank-saving-money-and-money-planning-financial-concept-768x513.jpg 768w, https:\/\/persecom.es\/wp-content\/uploads\/2022\/07\/hand-putting-coints-into-piggy-bank-saving-money-and-money-planning-financial-concept-1536x1025.jpg 1536w, https:\/\/persecom.es\/wp-content\/uploads\/2022\/07\/hand-putting-coints-into-piggy-bank-saving-money-and-money-planning-financial-concept-2048x1367.jpg 2048w\" sizes=\"auto, (max-width: 1024px) 100vw, 1024px\" \/>\t\t\t\t\t\t\t\t\t\t\t\t\t\t\t<\/div>\n\t\t\t\t<\/div>\n\t\t\t\t\t<\/div>\n\t\t<\/div>\n\t\t\t\t<div class=\"elementor-column elementor-col-50 elementor-inner-column elementor-element elementor-element-229b1c68\" data-id=\"229b1c68\" data-element_type=\"column\">\n\t\t\t<div class=\"elementor-widget-wrap elementor-element-populated\">\n\t\t\t\t\t\t\t\t<div class=\"elementor-element elementor-element-1693116 elementor-widget elementor-widget-heading\" data-id=\"1693116\" data-element_type=\"widget\" data-widget_type=\"heading.default\">\n\t\t\t\t<div class=\"elementor-widget-container\">\n\t\t\t<h2 class=\"elementor-heading-title elementor-size-default\">Olv\u00eddese de mensualidades... Conserve su cliente<\/h2>\t\t<\/div>\n\t\t\t\t<\/div>\n\t\t\t\t<div class=\"elementor-element elementor-element-e6f7f41 elementor-widget elementor-widget-text-editor\" data-id=\"e6f7f41\" data-element_type=\"widget\" data-widget_type=\"text-editor.default\">\n\t\t\t\t<div class=\"elementor-widget-container\">\n\t\t\t\t\t\t\t<ul><li>Gratis para siempre. Sin precios por usuario y mes. \u00a1Sin trampas!<\/li><li>Asigne m\u00e1s agentes a chats de grupo sin aumentar sus cuotas mensuales.<\/li><li>Soluci\u00f3n de chat en vivo completamente personalizable con voz, video y m\u00e1s.<\/li><li>Aconseje en tiempo real a visitantes sobre sus productos\/servicios.<\/li><\/ul>\t\t\t\t\t\t<\/div>\n\t\t\t\t<\/div>\n\t\t\t\t\t<\/div>\n\t\t<\/div>\n\t\t\t\t\t\t\t<\/div>\n\t\t<\/section>\n\t\t\t\t<section class=\"elementor-section elementor-inner-section elementor-element elementor-element-2b63ac7 elementor-section-content-middle elementor-section-boxed elementor-section-height-default elementor-section-height-default\" data-id=\"2b63ac7\" data-element_type=\"section\">\n\t\t\t\t\t\t<div class=\"elementor-container elementor-column-gap-default\">\n\t\t\t\t\t<div class=\"elementor-column elementor-col-50 elementor-inner-column elementor-element elementor-element-4a0bdb3\" data-id=\"4a0bdb3\" data-element_type=\"column\">\n\t\t\t<div class=\"elementor-widget-wrap elementor-element-populated\">\n\t\t\t\t\t\t\t\t<div class=\"elementor-element elementor-element-a75605f elementor-widget elementor-widget-heading\" data-id=\"a75605f\" data-element_type=\"widget\" data-widget_type=\"heading.default\">\n\t\t\t\t<div class=\"elementor-widget-container\">\n\t\t\t<h2 class=\"elementor-heading-title elementor-size-default\">Si chat en vivo no es suficiente\u2026\nSuperchat<\/h2>\t\t<\/div>\n\t\t\t\t<\/div>\n\t\t\t\t<div class=\"elementor-element elementor-element-569a3e1 elementor-widget elementor-widget-text-editor\" data-id=\"569a3e1\" data-element_type=\"widget\" data-widget_type=\"text-editor.default\">\n\t\t\t\t<div class=\"elementor-widget-container\">\n\t\t\t\t\t\t\t<ul><li>Cambie de chat a una llamada al instante y resuelva los problemas m\u00e1s r\u00e1pido.<\/li><li>Los visitantes pueden ir de chat a llamada o video en un solo clic.<\/li><li>Las llamadas son a trav\u00e9s del navegador. Gratis para usted y su cliente.<\/li><li>Sin marcar n\u00fameros. Invite a sus visitantes a hablar v\u00eda el enlace \u20183CX Talk\u2019.<\/li><\/ul>\t\t\t\t\t\t<\/div>\n\t\t\t\t<\/div>\n\t\t\t\t\t<\/div>\n\t\t<\/div>\n\t\t\t\t<div class=\"elementor-column elementor-col-50 elementor-inner-column elementor-element elementor-element-e925b62\" data-id=\"e925b62\" data-element_type=\"column\">\n\t\t\t<div class=\"elementor-widget-wrap elementor-element-populated\">\n\t\t\t\t\t\t\t\t<div class=\"elementor-element elementor-element-381e31f elementor-widget elementor-widget-image\" data-id=\"381e31f\" data-element_type=\"widget\" data-widget_type=\"image.default\">\n\t\t\t\t<div class=\"elementor-widget-container\">\n\t\t\t\t\t\t\t\t\t\t\t\t\t\t\t<img loading=\"lazy\" decoding=\"async\" width=\"1003\" height=\"668\" src=\"https:\/\/persecom.es\/wp-content\/uploads\/2022\/07\/Sin-titulo-1.png\" class=\"attachment-large size-large\" alt=\"\" srcset=\"https:\/\/persecom.es\/wp-content\/uploads\/2022\/07\/Sin-titulo-1.png 1003w, https:\/\/persecom.es\/wp-content\/uploads\/2022\/07\/Sin-titulo-1-300x200.png 300w, https:\/\/persecom.es\/wp-content\/uploads\/2022\/07\/Sin-titulo-1-768x511.png 768w\" sizes=\"auto, (max-width: 1003px) 100vw, 1003px\" \/>\t\t\t\t\t\t\t\t\t\t\t\t\t\t\t<\/div>\n\t\t\t\t<\/div>\n\t\t\t\t\t<\/div>\n\t\t<\/div>\n\t\t\t\t\t\t\t<\/div>\n\t\t<\/section>\n\t\t\t\t<section class=\"elementor-section elementor-inner-section elementor-element elementor-element-a19583c elementor-section-content-middle elementor-section-boxed elementor-section-height-default elementor-section-height-default\" data-id=\"a19583c\" data-element_type=\"section\">\n\t\t\t\t\t\t<div class=\"elementor-container elementor-column-gap-default\">\n\t\t\t\t\t<div class=\"elementor-column elementor-col-50 elementor-inner-column elementor-element elementor-element-14933f5\" data-id=\"14933f5\" data-element_type=\"column\">\n\t\t\t<div class=\"elementor-widget-wrap elementor-element-populated\">\n\t\t\t\t\t\t\t\t<div class=\"elementor-element elementor-element-a32eb82 elementor-widget elementor-widget-image\" data-id=\"a32eb82\" data-element_type=\"widget\" data-widget_type=\"image.default\">\n\t\t\t\t<div class=\"elementor-widget-container\">\n\t\t\t\t\t\t\t\t\t\t\t\t\t\t\t<img loading=\"lazy\" decoding=\"async\" width=\"1024\" height=\"576\" src=\"https:\/\/persecom.es\/wp-content\/uploads\/2022\/07\/retired-couple-doing-online-consultation-on-video-call-with-medic-elderly-people-using-laptop-to-meet-with-doctor-on-video-teleconference-talking-about-health-care-on-telemedicine-1024x576.jpg\" class=\"attachment-large size-large\" alt=\"\" srcset=\"https:\/\/persecom.es\/wp-content\/uploads\/2022\/07\/retired-couple-doing-online-consultation-on-video-call-with-medic-elderly-people-using-laptop-to-meet-with-doctor-on-video-teleconference-talking-about-health-care-on-telemedicine-1024x576.jpg 1024w, https:\/\/persecom.es\/wp-content\/uploads\/2022\/07\/retired-couple-doing-online-consultation-on-video-call-with-medic-elderly-people-using-laptop-to-meet-with-doctor-on-video-teleconference-talking-about-health-care-on-telemedicine-300x169.jpg 300w, https:\/\/persecom.es\/wp-content\/uploads\/2022\/07\/retired-couple-doing-online-consultation-on-video-call-with-medic-elderly-people-using-laptop-to-meet-with-doctor-on-video-teleconference-talking-about-health-care-on-telemedicine-768x432.jpg 768w, https:\/\/persecom.es\/wp-content\/uploads\/2022\/07\/retired-couple-doing-online-consultation-on-video-call-with-medic-elderly-people-using-laptop-to-meet-with-doctor-on-video-teleconference-talking-about-health-care-on-telemedicine-1536x864.jpg 1536w, https:\/\/persecom.es\/wp-content\/uploads\/2022\/07\/retired-couple-doing-online-consultation-on-video-call-with-medic-elderly-people-using-laptop-to-meet-with-doctor-on-video-teleconference-talking-about-health-care-on-telemedicine-2048x1152.jpg 2048w\" sizes=\"auto, (max-width: 1024px) 100vw, 1024px\" \/>\t\t\t\t\t\t\t\t\t\t\t\t\t\t\t<\/div>\n\t\t\t\t<\/div>\n\t\t\t\t\t<\/div>\n\t\t<\/div>\n\t\t\t\t<div class=\"elementor-column elementor-col-50 elementor-inner-column elementor-element elementor-element-10e6634\" data-id=\"10e6634\" data-element_type=\"column\">\n\t\t\t<div class=\"elementor-widget-wrap elementor-element-populated\">\n\t\t\t\t\t\t\t\t<div class=\"elementor-element elementor-element-6890cfb elementor-widget elementor-widget-heading\" data-id=\"6890cfb\" data-element_type=\"widget\" data-widget_type=\"heading.default\">\n\t\t\t\t<div class=\"elementor-widget-container\">\n\t\t\t<h2 class=\"elementor-heading-title elementor-size-default\">Trabajar en equipo\u2026 donde sea<\/h2>\t\t<\/div>\n\t\t\t\t<\/div>\n\t\t\t\t<div class=\"elementor-element elementor-element-c25d2d1 elementor-widget elementor-widget-text-editor\" data-id=\"c25d2d1\" data-element_type=\"widget\" data-widget_type=\"text-editor.default\">\n\t\t\t\t<div class=\"elementor-widget-container\">\n\t\t\t\t\t\t\t<ul><li>Analizar problemas de clientes con su equipo v\u00eda chat o llamada.<\/li><li>Organice videoconferencias para todo el equipo o reuniones de empresa.<\/li><li>Asignar chats a grupos. Incluye gesti\u00f3n de grupos de chats basados en colas.<\/li><li>Contin\u00fae en contacto incluso sobre la marcha con las\u00a0Apps 3CX iOS\/Android.<\/li><\/ul>\t\t\t\t\t\t<\/div>\n\t\t\t\t<\/div>\n\t\t\t\t\t<\/div>\n\t\t<\/div>\n\t\t\t\t\t\t\t<\/div>\n\t\t<\/section>\n\t\t\t\t<section class=\"elementor-section elementor-inner-section elementor-element elementor-element-1cc2ad71 elementor-section-content-middle elementor-section-full_width elementor-section-height-default elementor-section-height-default\" data-id=\"1cc2ad71\" data-element_type=\"section\">\n\t\t\t\t\t\t<div class=\"elementor-container elementor-column-gap-no\">\n\t\t\t\t\t<div class=\"elementor-column elementor-col-50 elementor-inner-column elementor-element elementor-element-127663cf\" data-id=\"127663cf\" data-element_type=\"column\">\n\t\t\t<div class=\"elementor-widget-wrap elementor-element-populated\">\n\t\t\t\t\t\t\t\t<div class=\"elementor-element elementor-element-3ca649ae elementor-widget elementor-widget-heading\" data-id=\"3ca649ae\" data-element_type=\"widget\" data-widget_type=\"heading.default\">\n\t\t\t\t<div class=\"elementor-widget-container\">\n\t\t\t<h2 class=\"elementor-heading-title elementor-size-default\">Omnicanal: Un sistema para mensajes y llamadas<\/h2>\t\t<\/div>\n\t\t\t\t<\/div>\n\t\t\t\t<div class=\"elementor-element elementor-element-7221c6a1 elementor-widget elementor-widget-text-editor\" data-id=\"7221c6a1\" data-element_type=\"widget\" data-widget_type=\"text-editor.default\">\n\t\t\t\t<div class=\"elementor-widget-container\">\n\t\t\t\t\t\t\t<ul><li>Conecte su p\u00e1gina de Facebook para ver y responder mensajes desde 3CX.<\/li><li>Misma plataforma para enviar y recibir SMS, con su n\u00famero empresarial.<\/li><li>Convierta a esos nuevos visitantes web en nuevas leads en su CRM.<\/li><li>Responder llamadas, identificar clientes y ver el historial de contacto.<\/li><li>Varios reportes de chats y llamadas para evaluar el rendimiento del agente.<\/li><\/ul>\t\t\t\t\t\t<\/div>\n\t\t\t\t<\/div>\n\t\t\t\t\t<\/div>\n\t\t<\/div>\n\t\t\t\t<div class=\"elementor-column elementor-col-50 elementor-inner-column elementor-element elementor-element-63fcb02e\" data-id=\"63fcb02e\" data-element_type=\"column\">\n\t\t\t<div class=\"elementor-widget-wrap elementor-element-populated\">\n\t\t\t\t\t\t\t\t<div class=\"elementor-element elementor-element-6f8e68a3 elementor-widget elementor-widget-image\" data-id=\"6f8e68a3\" data-element_type=\"widget\" data-widget_type=\"image.default\">\n\t\t\t\t<div class=\"elementor-widget-container\">\n\t\t\t\t\t\t\t\t\t\t\t\t\t\t\t<img loading=\"lazy\" decoding=\"async\" width=\"1015\" height=\"677\" src=\"https:\/\/persecom.es\/wp-content\/uploads\/2022\/07\/Sin-titulo.png\" class=\"attachment-large size-large\" alt=\"\" srcset=\"https:\/\/persecom.es\/wp-content\/uploads\/2022\/07\/Sin-titulo.png 1015w, https:\/\/persecom.es\/wp-content\/uploads\/2022\/07\/Sin-titulo-300x200.png 300w, https:\/\/persecom.es\/wp-content\/uploads\/2022\/07\/Sin-titulo-768x512.png 768w\" sizes=\"auto, (max-width: 1015px) 100vw, 1015px\" \/>\t\t\t\t\t\t\t\t\t\t\t\t\t\t\t<\/div>\n\t\t\t\t<\/div>\n\t\t\t\t\t<\/div>\n\t\t<\/div>\n\t\t\t\t\t\t\t<\/div>\n\t\t<\/section>\n\t\t\t\t\t<\/div>\n\t\t<\/div>\n\t\t\t\t\t\t\t<\/div>\n\t\t<\/section>\n\t\t\t\t\t\t\t<\/div>\n\t\t","protected":false},"excerpt":{"rendered":"<p>PLATAFORMA DE CHAT EN VIVO CHATS O LLAMADAS Hasta el 50% de los chat en vivo terminan siendo enviados al call center\u2026 con el cliente teniendo que explicar todo de nuevo. En estos casos las plataformas de chat en vivo se convierten en otro obst\u00e1culo que prolonga el tiempo de resoluci\u00f3n. \u00a1Esto no ocurre con &hellip;<\/p>\n<p class=\"read-more\"> <a class=\"\" href=\"https:\/\/persecom.es\/index.php\/chatee-con-sus-clientes\/\"> <span class=\"screen-reader-text\">Chatee con sus clientes<\/span> Leer m\u00e1s \u00bb<\/a><\/p>\n","protected":false},"author":1,"featured_media":0,"parent":0,"menu_order":0,"comment_status":"closed","ping_status":"closed","template":"","meta":{"site-sidebar-layout":"no-sidebar","site-content-layout":"page-builder","ast-global-header-display":"","ast-main-header-display":"","ast-hfb-above-header-display":"","ast-hfb-below-header-display":"","ast-hfb-mobile-header-display":"","site-post-title":"disabled","ast-breadcrumbs-content":"","ast-featured-img":"disabled","footer-sml-layout":"","theme-transparent-header-meta":"","adv-header-id-meta":"","stick-header-meta":"","header-above-stick-meta":"","header-main-stick-meta":"","header-below-stick-meta":"","footnotes":""},"class_list":["post-944","page","type-page","status-publish","hentry"],"_links":{"self":[{"href":"https:\/\/persecom.es\/index.php\/wp-json\/wp\/v2\/pages\/944","targetHints":{"allow":["GET"]}}],"collection":[{"href":"https:\/\/persecom.es\/index.php\/wp-json\/wp\/v2\/pages"}],"about":[{"href":"https:\/\/persecom.es\/index.php\/wp-json\/wp\/v2\/types\/page"}],"author":[{"embeddable":true,"href":"https:\/\/persecom.es\/index.php\/wp-json\/wp\/v2\/users\/1"}],"replies":[{"embeddable":true,"href":"https:\/\/persecom.es\/index.php\/wp-json\/wp\/v2\/comments?post=944"}],"version-history":[{"count":4,"href":"https:\/\/persecom.es\/index.php\/wp-json\/wp\/v2\/pages\/944\/revisions"}],"predecessor-version":[{"id":952,"href":"https:\/\/persecom.es\/index.php\/wp-json\/wp\/v2\/pages\/944\/revisions\/952"}],"wp:attachment":[{"href":"https:\/\/persecom.es\/index.php\/wp-json\/wp\/v2\/media?parent=944"}],"curies":[{"name":"wp","href":"https:\/\/api.w.org\/{rel}","templated":true}]}}