{"id":423,"date":"2022-05-15T21:27:35","date_gmt":"2022-05-15T21:27:35","guid":{"rendered":"https:\/\/persecom.es\/?page_id=423"},"modified":"2022-07-05T18:30:48","modified_gmt":"2022-07-05T18:30:48","slug":"centralita-virtual","status":"publish","type":"page","link":"https:\/\/persecom.es\/index.php\/centralita-virtual\/","title":{"rendered":"Centralita Virtual"},"content":{"rendered":"\t\t<div data-elementor-type=\"wp-page\" data-elementor-id=\"423\" class=\"elementor elementor-423\">\n\t\t\t\t\t\t\t\t\t<section class=\"elementor-section elementor-top-section elementor-element elementor-element-4826951 elementor-section-boxed elementor-section-height-default elementor-section-height-default\" data-id=\"4826951\" data-element_type=\"section\">\n\t\t\t\t\t\t<div class=\"elementor-container elementor-column-gap-default\">\n\t\t\t\t\t<div class=\"elementor-column elementor-col-100 elementor-top-column elementor-element elementor-element-e8b61a1\" data-id=\"e8b61a1\" data-element_type=\"column\">\n\t\t\t<div class=\"elementor-widget-wrap elementor-element-populated\">\n\t\t\t\t\t\t\t\t<div class=\"elementor-element elementor-element-ff2212b elementor-widget elementor-widget-heading\" data-id=\"ff2212b\" data-element_type=\"widget\" data-widget_type=\"heading.default\">\n\t\t\t\t<div class=\"elementor-widget-container\">\n\t\t\t<style>\/*! elementor - v3.6.5 - 27-04-2022 *\/\n.elementor-heading-title{padding:0;margin:0;line-height:1}.elementor-widget-heading .elementor-heading-title[class*=elementor-size-]>a{color:inherit;font-size:inherit;line-height:inherit}.elementor-widget-heading .elementor-heading-title.elementor-size-small{font-size:15px}.elementor-widget-heading .elementor-heading-title.elementor-size-medium{font-size:19px}.elementor-widget-heading .elementor-heading-title.elementor-size-large{font-size:29px}.elementor-widget-heading .elementor-heading-title.elementor-size-xl{font-size:39px}.elementor-widget-heading .elementor-heading-title.elementor-size-xxl{font-size:59px}<\/style><h2 class=\"elementor-heading-title elementor-size-default\">\u00bfQu\u00e9 es una Central Virtual?<\/h2>\t\t<\/div>\n\t\t\t\t<\/div>\n\t\t\t\t\t<\/div>\n\t\t<\/div>\n\t\t\t\t\t\t\t<\/div>\n\t\t<\/section>\n\t\t\t\t<section class=\"elementor-section elementor-top-section elementor-element elementor-element-9d9b4f1 elementor-section-boxed elementor-section-height-default elementor-section-height-default\" data-id=\"9d9b4f1\" data-element_type=\"section\">\n\t\t\t\t\t\t<div class=\"elementor-container elementor-column-gap-default\">\n\t\t\t\t\t<div class=\"elementor-column elementor-col-100 elementor-top-column elementor-element elementor-element-2901309\" data-id=\"2901309\" data-element_type=\"column\">\n\t\t\t<div class=\"elementor-widget-wrap elementor-element-populated\">\n\t\t\t\t\t\t\t\t<div class=\"elementor-element elementor-element-a6e6d2a elementor-widget elementor-widget-text-editor\" data-id=\"a6e6d2a\" data-element_type=\"widget\" data-widget_type=\"text-editor.default\">\n\t\t\t\t<div class=\"elementor-widget-container\">\n\t\t\t<style>\/*! elementor - v3.6.5 - 27-04-2022 *\/\n.elementor-widget-text-editor.elementor-drop-cap-view-stacked .elementor-drop-cap{background-color:#818a91;color:#fff}.elementor-widget-text-editor.elementor-drop-cap-view-framed .elementor-drop-cap{color:#818a91;border:3px solid;background-color:transparent}.elementor-widget-text-editor:not(.elementor-drop-cap-view-default) .elementor-drop-cap{margin-top:8px}.elementor-widget-text-editor:not(.elementor-drop-cap-view-default) .elementor-drop-cap-letter{width:1em;height:1em}.elementor-widget-text-editor .elementor-drop-cap{float:left;text-align:center;line-height:1;font-size:50px}.elementor-widget-text-editor .elementor-drop-cap-letter{display:inline-block}<\/style>\t\t\t\t<p>Es un sistema de comunicaci\u00f3n avanzado en la nube<\/p>\t\t\t\t\t\t<\/div>\n\t\t\t\t<\/div>\n\t\t\t\t\t<\/div>\n\t\t<\/div>\n\t\t\t\t\t\t\t<\/div>\n\t\t<\/section>\n\t\t\t\t<section class=\"elementor-section elementor-top-section elementor-element elementor-element-5fb0404 elementor-section-boxed elementor-section-height-default elementor-section-height-default\" data-id=\"5fb0404\" data-element_type=\"section\">\n\t\t\t\t\t\t<div class=\"elementor-container elementor-column-gap-default\">\n\t\t\t\t\t<div class=\"elementor-column elementor-col-100 elementor-top-column elementor-element elementor-element-777ac51\" data-id=\"777ac51\" data-element_type=\"column\">\n\t\t\t<div class=\"elementor-widget-wrap elementor-element-populated\">\n\t\t\t\t\t\t\t\t<div class=\"elementor-element elementor-element-44427ee elementor-widget elementor-widget-heading\" data-id=\"44427ee\" data-element_type=\"widget\" data-widget_type=\"heading.default\">\n\t\t\t\t<div class=\"elementor-widget-container\">\n\t\t\t<h2 class=\"elementor-heading-title elementor-size-default\">\u00bfCu\u00e1les son sus ventajas principales?<\/h2>\t\t<\/div>\n\t\t\t\t<\/div>\n\t\t\t\t\t<\/div>\n\t\t<\/div>\n\t\t\t\t\t\t\t<\/div>\n\t\t<\/section>\n\t\t\t\t<section class=\"elementor-section elementor-top-section elementor-element elementor-element-919c6a9 elementor-section-boxed elementor-section-height-default elementor-section-height-default\" data-id=\"919c6a9\" data-element_type=\"section\">\n\t\t\t\t\t\t<div class=\"elementor-container elementor-column-gap-default\">\n\t\t\t\t\t<div class=\"elementor-column elementor-col-50 elementor-top-column elementor-element elementor-element-b52c216\" data-id=\"b52c216\" data-element_type=\"column\">\n\t\t\t<div class=\"elementor-widget-wrap elementor-element-populated\">\n\t\t\t\t\t\t\t\t<div class=\"elementor-element elementor-element-7276a65 elementor-widget elementor-widget-text-editor\" data-id=\"7276a65\" data-element_type=\"widget\" data-widget_type=\"text-editor.default\">\n\t\t\t\t<div class=\"elementor-widget-container\">\n\t\t\t\t\t\t\t<p>Servicios 100% Cloud. Disponible en cualquier parte con conexi\u00f3n a Internet<br \/>Ahorro de costes<br \/>Integraci\u00f3n f\u00e1cil y r\u00e1pida con la m\u00e1xima compatibilidad<br \/>Mejora de la productividad corporativa<br \/>Configuraci\u00f3n a medida de las necesidades de cada cliente<br \/>Me interesa<br \/>\u00a0<\/p>\t\t\t\t\t\t<\/div>\n\t\t\t\t<\/div>\n\t\t\t\t<div class=\"elementor-element elementor-element-a00919c elementor-align-center elementor-widget elementor-widget-button\" data-id=\"a00919c\" data-element_type=\"widget\" data-widget_type=\"button.default\">\n\t\t\t\t<div class=\"elementor-widget-container\">\n\t\t\t\t\t<div class=\"elementor-button-wrapper\">\n\t\t\t<a href=\"https:\/\/persecom.es\/index.php\/contact\/\" class=\"elementor-button-link elementor-button elementor-size-md\" role=\"button\">\n\t\t\t\t\t\t<span class=\"elementor-button-content-wrapper\">\n\t\t\t\t\t\t<span class=\"elementor-button-text\">Me Interesa<\/span>\n\t\t<\/span>\n\t\t\t\t\t<\/a>\n\t\t<\/div>\n\t\t\t\t<\/div>\n\t\t\t\t<\/div>\n\t\t\t\t\t<\/div>\n\t\t<\/div>\n\t\t\t\t<div class=\"elementor-column elementor-col-50 elementor-top-column elementor-element elementor-element-bb5c313\" data-id=\"bb5c313\" data-element_type=\"column\">\n\t\t\t<div class=\"elementor-widget-wrap elementor-element-populated\">\n\t\t\t\t\t\t\t\t<div class=\"elementor-element elementor-element-7bb36dc elementor-widget elementor-widget-image\" data-id=\"7bb36dc\" data-element_type=\"widget\" data-widget_type=\"image.default\">\n\t\t\t\t<div class=\"elementor-widget-container\">\n\t\t\t<style>\/*! elementor - v3.6.5 - 27-04-2022 *\/\n.elementor-widget-image{text-align:center}.elementor-widget-image a{display:inline-block}.elementor-widget-image a img[src$=\".svg\"]{width:48px}.elementor-widget-image img{vertical-align:middle;display:inline-block}<\/style>\t\t\t\t\t\t\t\t\t\t\t\t<img loading=\"lazy\" decoding=\"async\" width=\"1024\" height=\"683\" src=\"https:\/\/persecom.es\/wp-content\/uploads\/2022\/07\/5127314-1024x683.jpg\" class=\"attachment-large size-large\" alt=\"\" srcset=\"https:\/\/persecom.es\/wp-content\/uploads\/2022\/07\/5127314-1024x683.jpg 1024w, https:\/\/persecom.es\/wp-content\/uploads\/2022\/07\/5127314-300x200.jpg 300w, https:\/\/persecom.es\/wp-content\/uploads\/2022\/07\/5127314-768x512.jpg 768w, https:\/\/persecom.es\/wp-content\/uploads\/2022\/07\/5127314-1536x1024.jpg 1536w, https:\/\/persecom.es\/wp-content\/uploads\/2022\/07\/5127314-2048x1365.jpg 2048w\" sizes=\"auto, (max-width: 1024px) 100vw, 1024px\" \/>\t\t\t\t\t\t\t\t\t\t\t\t\t\t\t<\/div>\n\t\t\t\t<\/div>\n\t\t\t\t\t<\/div>\n\t\t<\/div>\n\t\t\t\t\t\t\t<\/div>\n\t\t<\/section>\n\t\t\t\t<section class=\"elementor-section elementor-top-section elementor-element elementor-element-4abd91c7 elementor-section-full_width elementor-section-content-middle elementor-section-height-default elementor-section-height-default\" data-id=\"4abd91c7\" data-element_type=\"section\">\n\t\t\t\t\t\t<div class=\"elementor-container elementor-column-gap-no\">\n\t\t\t\t\t<div class=\"elementor-column elementor-col-33 elementor-top-column elementor-element elementor-element-441fc08b\" data-id=\"441fc08b\" data-element_type=\"column\">\n\t\t\t<div class=\"elementor-widget-wrap elementor-element-populated\">\n\t\t\t\t\t\t\t\t<div class=\"elementor-element elementor-element-1f9c2a71 elementor-widget elementor-widget-heading\" data-id=\"1f9c2a71\" data-element_type=\"widget\" data-widget_type=\"heading.default\">\n\t\t\t\t<div class=\"elementor-widget-container\">\n\t\t\t<h3 class=\"elementor-heading-title elementor-size-default\">Plan B\u00e1sico<\/h3>\t\t<\/div>\n\t\t\t\t<\/div>\n\t\t\t\t<div class=\"elementor-element elementor-element-5b85e440 elementor-widget-divider--view-line elementor-widget elementor-widget-divider\" data-id=\"5b85e440\" data-element_type=\"widget\" data-widget_type=\"divider.default\">\n\t\t\t\t<div class=\"elementor-widget-container\">\n\t\t\t<style>\/*! elementor - v3.6.5 - 27-04-2022 *\/\n.elementor-widget-divider{--divider-border-style:none;--divider-border-width:1px;--divider-color:#2c2c2c;--divider-icon-size:20px;--divider-element-spacing:10px;--divider-pattern-height:24px;--divider-pattern-size:20px;--divider-pattern-url:none;--divider-pattern-repeat:repeat-x}.elementor-widget-divider .elementor-divider{display:-webkit-box;display:-ms-flexbox;display:flex}.elementor-widget-divider .elementor-divider__text{font-size:15px;line-height:1;max-width:95%}.elementor-widget-divider .elementor-divider__element{margin:0 var(--divider-element-spacing);-ms-flex-negative:0;flex-shrink:0}.elementor-widget-divider .elementor-icon{font-size:var(--divider-icon-size)}.elementor-widget-divider .elementor-divider-separator{display:-webkit-box;display:-ms-flexbox;display:flex;margin:0;direction:ltr}.elementor-widget-divider--view-line_icon .elementor-divider-separator,.elementor-widget-divider--view-line_text .elementor-divider-separator{-webkit-box-align:center;-ms-flex-align:center;align-items:center}.elementor-widget-divider--view-line_icon .elementor-divider-separator:after,.elementor-widget-divider--view-line_icon .elementor-divider-separator:before,.elementor-widget-divider--view-line_text .elementor-divider-separator:after,.elementor-widget-divider--view-line_text .elementor-divider-separator:before{display:block;content:\"\";border-bottom:0;-webkit-box-flex:1;-ms-flex-positive:1;flex-grow:1;border-top:var(--divider-border-width) var(--divider-border-style) var(--divider-color)}.elementor-widget-divider--element-align-left .elementor-divider .elementor-divider-separator>.elementor-divider__svg:first-of-type{-webkit-box-flex:0;-ms-flex-positive:0;flex-grow:0;-ms-flex-negative:100;flex-shrink:100}.elementor-widget-divider--element-align-left .elementor-divider-separator:before{content:none}.elementor-widget-divider--element-align-left .elementor-divider__element{margin-left:0}.elementor-widget-divider--element-align-right .elementor-divider .elementor-divider-separator>.elementor-divider__svg:last-of-type{-webkit-box-flex:0;-ms-flex-positive:0;flex-grow:0;-ms-flex-negative:100;flex-shrink:100}.elementor-widget-divider--element-align-right .elementor-divider-separator:after{content:none}.elementor-widget-divider--element-align-right .elementor-divider__element{margin-right:0}.elementor-widget-divider:not(.elementor-widget-divider--view-line_text):not(.elementor-widget-divider--view-line_icon) .elementor-divider-separator{border-top:var(--divider-border-width) var(--divider-border-style) var(--divider-color)}.elementor-widget-divider--separator-type-pattern{--divider-border-style:none}.elementor-widget-divider--separator-type-pattern.elementor-widget-divider--view-line .elementor-divider-separator,.elementor-widget-divider--separator-type-pattern:not(.elementor-widget-divider--view-line) .elementor-divider-separator:after,.elementor-widget-divider--separator-type-pattern:not(.elementor-widget-divider--view-line) .elementor-divider-separator:before,.elementor-widget-divider--separator-type-pattern:not([class*=elementor-widget-divider--view]) .elementor-divider-separator{width:100%;min-height:var(--divider-pattern-height);-webkit-mask-size:var(--divider-pattern-size) 100%;mask-size:var(--divider-pattern-size) 100%;-webkit-mask-repeat:var(--divider-pattern-repeat);mask-repeat:var(--divider-pattern-repeat);background-color:var(--divider-color);-webkit-mask-image:var(--divider-pattern-url);mask-image:var(--divider-pattern-url)}.elementor-widget-divider--no-spacing{--divider-pattern-size:auto}.elementor-widget-divider--bg-round{--divider-pattern-repeat:round}.rtl .elementor-widget-divider .elementor-divider__text{direction:rtl}<\/style>\t\t<div class=\"elementor-divider\">\n\t\t\t<span class=\"elementor-divider-separator\">\n\t\t\t\t\t\t<\/span>\n\t\t<\/div>\n\t\t\t\t<\/div>\n\t\t\t\t<\/div>\n\t\t\t\t\t<\/div>\n\t\t<\/div>\n\t\t\t\t<div class=\"elementor-column elementor-col-33 elementor-top-column elementor-element elementor-element-2e99dcf9\" data-id=\"2e99dcf9\" data-element_type=\"column\">\n\t\t\t<div class=\"elementor-widget-wrap elementor-element-populated\">\n\t\t\t\t\t\t\t\t<div class=\"elementor-element elementor-element-19f8d90 elementor-widget elementor-widget-heading\" data-id=\"19f8d90\" data-element_type=\"widget\" data-widget_type=\"heading.default\">\n\t\t\t\t<div class=\"elementor-widget-container\">\n\t\t\t<h3 class=\"elementor-heading-title elementor-size-default\">Prestaciones gen\u00e9ricas\n<\/h3>\t\t<\/div>\n\t\t\t\t<\/div>\n\t\t\t\t<div class=\"elementor-element elementor-element-3a9022a4 elementor-widget elementor-widget-text-editor\" data-id=\"3a9022a4\" data-element_type=\"widget\" data-widget_type=\"text-editor.default\">\n\t\t\t\t<div class=\"elementor-widget-container\">\n\t\t\t\t\t\t\t<ul><li>Numeraci\u00f3n de extensi\u00f3n corta interna<\/li><li>IVR \/ Operadora Autom\u00e1tica<\/li><li>Contestador Autom\u00e1tico<\/li><li>Grupos de salto (Lineal, Multiring\u2026)<\/li><li>Llamada directa a extensi\u00f3n mediante DDI DIRECTO<\/li><li>Restricci\u00f3n llamadas por extensi\u00f3n<\/li><li>Registros de una extensi\u00f3n en m\u00faltiples dispositivos<\/li><li>(Terminal SIP, Communicator Go y Communicator Business)<\/li><li>Gesti\u00f3n de colas<\/li><li>Informes y estad\u00edsticas<\/li><li>Grabaci\u00f3n de llamadas e integraci\u00f3n con CRM<\/li><li>Fax2Mail<\/li><li>Salas virtuales de audioconferencia<\/li><\/ul>\t\t\t\t\t\t<\/div>\n\t\t\t\t<\/div>\n\t\t\t\t<div class=\"elementor-element elementor-element-e1bc64b elementor-widget elementor-widget-heading\" data-id=\"e1bc64b\" data-element_type=\"widget\" data-widget_type=\"heading.default\">\n\t\t\t\t<div class=\"elementor-widget-container\">\n\t\t\t<h3 class=\"elementor-heading-title elementor-size-default\">Prestaciones por extensi\u00f3n\n<\/h3>\t\t<\/div>\n\t\t\t\t<\/div>\n\t\t\t\t<div class=\"elementor-element elementor-element-51598e4 elementor-widget elementor-widget-text-editor\" data-id=\"51598e4\" data-element_type=\"widget\" data-widget_type=\"text-editor.default\">\n\t\t\t\t<div class=\"elementor-widget-container\">\n\t\t\t\t\t\t\t<div class=\"wpb_text_column wpb_content_element  center-item\"><div class=\"wpb_wrapper\"><ul><li>Identificaci\u00f3n del llamante<\/li><li>No Molestar \u201cDND\u201d<\/li><li>S\u00edgueme \u201cFollow Me\u201d<\/li><li>Desv\u00edo Inteligente<\/li><li>Captura de llamada \u201cPickUp\u201d<\/li><li>Convergencia Fijo M\u00f3vil \u201cGroup Hunt\u201d<\/li><li>Buz\u00f3n Personal<\/li><li>Intrusi\u00f3n de llamadas<\/li><\/ul><\/div><\/div>\t\t\t\t\t\t<\/div>\n\t\t\t\t<\/div>\n\t\t\t\t\t<\/div>\n\t\t<\/div>\n\t\t\t\t<div class=\"elementor-column elementor-col-33 elementor-top-column elementor-element elementor-element-37b2c38c\" data-id=\"37b2c38c\" data-element_type=\"column\">\n\t\t\t<div class=\"elementor-widget-wrap elementor-element-populated\">\n\t\t\t\t\t\t\t\t<div class=\"elementor-element elementor-element-aebab85 elementor-widget elementor-widget-image\" data-id=\"aebab85\" data-element_type=\"widget\" data-widget_type=\"image.default\">\n\t\t\t\t<div class=\"elementor-widget-container\">\n\t\t\t\t\t\t\t\t\t\t\t\t\t\t\t<img loading=\"lazy\" decoding=\"async\" width=\"1720\" height=\"2560\" src=\"https:\/\/persecom.es\/wp-content\/uploads\/2022\/07\/close-up-on-people-working-in-the-office-1-scaled.jpg\" class=\"attachment-full size-full\" alt=\"\" srcset=\"https:\/\/persecom.es\/wp-content\/uploads\/2022\/07\/close-up-on-people-working-in-the-office-1-scaled.jpg 1720w, https:\/\/persecom.es\/wp-content\/uploads\/2022\/07\/close-up-on-people-working-in-the-office-1-202x300.jpg 202w, https:\/\/persecom.es\/wp-content\/uploads\/2022\/07\/close-up-on-people-working-in-the-office-1-688x1024.jpg 688w, https:\/\/persecom.es\/wp-content\/uploads\/2022\/07\/close-up-on-people-working-in-the-office-1-768x1143.jpg 768w, https:\/\/persecom.es\/wp-content\/uploads\/2022\/07\/close-up-on-people-working-in-the-office-1-1032x1536.jpg 1032w, https:\/\/persecom.es\/wp-content\/uploads\/2022\/07\/close-up-on-people-working-in-the-office-1-1376x2048.jpg 1376w\" sizes=\"auto, (max-width: 1720px) 100vw, 1720px\" \/>\t\t\t\t\t\t\t\t\t\t\t\t\t\t\t<\/div>\n\t\t\t\t<\/div>\n\t\t\t\t\t<\/div>\n\t\t<\/div>\n\t\t\t\t\t\t\t<\/div>\n\t\t<\/section>\n\t\t\t\t<section class=\"elementor-section elementor-top-section elementor-element elementor-element-41d5e17 elementor-section-full_width elementor-section-content-middle elementor-section-height-default elementor-section-height-default\" data-id=\"41d5e17\" data-element_type=\"section\">\n\t\t\t\t\t\t<div class=\"elementor-container elementor-column-gap-no\">\n\t\t\t\t\t<div class=\"elementor-column elementor-col-33 elementor-top-column elementor-element elementor-element-8c39af8\" data-id=\"8c39af8\" data-element_type=\"column\">\n\t\t\t<div class=\"elementor-widget-wrap elementor-element-populated\">\n\t\t\t\t\t\t\t\t<div class=\"elementor-element elementor-element-a796c94 elementor-widget elementor-widget-image\" data-id=\"a796c94\" data-element_type=\"widget\" data-widget_type=\"image.default\">\n\t\t\t\t<div class=\"elementor-widget-container\">\n\t\t\t\t\t\t\t\t\t\t\t\t\t\t\t<img loading=\"lazy\" decoding=\"async\" width=\"1707\" height=\"2560\" src=\"https:\/\/persecom.es\/wp-content\/uploads\/2022\/07\/entrepreneurs-discussing-work-results-on-meeting-scaled.jpg\" class=\"attachment-full size-full\" alt=\"\" srcset=\"https:\/\/persecom.es\/wp-content\/uploads\/2022\/07\/entrepreneurs-discussing-work-results-on-meeting-scaled.jpg 1707w, https:\/\/persecom.es\/wp-content\/uploads\/2022\/07\/entrepreneurs-discussing-work-results-on-meeting-200x300.jpg 200w, https:\/\/persecom.es\/wp-content\/uploads\/2022\/07\/entrepreneurs-discussing-work-results-on-meeting-683x1024.jpg 683w, https:\/\/persecom.es\/wp-content\/uploads\/2022\/07\/entrepreneurs-discussing-work-results-on-meeting-768x1152.jpg 768w, https:\/\/persecom.es\/wp-content\/uploads\/2022\/07\/entrepreneurs-discussing-work-results-on-meeting-1024x1536.jpg 1024w, https:\/\/persecom.es\/wp-content\/uploads\/2022\/07\/entrepreneurs-discussing-work-results-on-meeting-1365x2048.jpg 1365w\" sizes=\"auto, (max-width: 1707px) 100vw, 1707px\" \/>\t\t\t\t\t\t\t\t\t\t\t\t\t\t\t<\/div>\n\t\t\t\t<\/div>\n\t\t\t\t\t<\/div>\n\t\t<\/div>\n\t\t\t\t<div class=\"elementor-column elementor-col-33 elementor-top-column elementor-element elementor-element-c1b4d29\" data-id=\"c1b4d29\" data-element_type=\"column\">\n\t\t\t<div class=\"elementor-widget-wrap elementor-element-populated\">\n\t\t\t\t\t\t\t\t<div class=\"elementor-element elementor-element-c6061fc elementor-widget elementor-widget-heading\" data-id=\"c6061fc\" data-element_type=\"widget\" data-widget_type=\"heading.default\">\n\t\t\t\t<div class=\"elementor-widget-container\">\n\t\t\t<h3 class=\"elementor-heading-title elementor-size-default\">Funcionalidades\n<\/h3>\t\t<\/div>\n\t\t\t\t<\/div>\n\t\t\t\t<div class=\"elementor-element elementor-element-8877af1 elementor-widget elementor-widget-text-editor\" data-id=\"8877af1\" data-element_type=\"widget\" data-widget_type=\"text-editor.default\">\n\t\t\t\t<div class=\"elementor-widget-container\">\n\t\t\t\t\t\t\t<ul><li>Estad\u00edsticas avanzadas<\/li><li>SLA: Definici\u00f3n de criterios SLA por cola<\/li><li>CDR: Informes de llamadas por extensi\u00f3n y grupales<\/li><li>Avisos de abandono, panel de control y estad\u00edsticas<\/li><li>Ranking de agentes por productividad<\/li><li>Control de llamadas por zona geogr\u00e1fica<\/li><li>Visual en tiempo real: llamadas on time<\/li><li><p>M\u00f3dulo Wallboard: alertas personalizadas<\/p><\/li><\/ul>\t\t\t\t\t\t<\/div>\n\t\t\t\t<\/div>\n\t\t\t\t<div class=\"elementor-element elementor-element-90b3d0f elementor-widget elementor-widget-text-editor\" data-id=\"90b3d0f\" data-element_type=\"widget\" data-widget_type=\"text-editor.default\">\n\t\t\t\t<div class=\"elementor-widget-container\">\n\t\t\t\t\t\t\t<ul><li>M\u00f3dulo Wallboard: alertas personalizadas<\/li><li>Click2Call Web cofigurable<\/li><li>Dialer Telemarketing: Campa\u00f1as de emisi\u00f3n, Formularios de gesti\u00f3n, importaci\u00f3n de listados de emisi\u00f3n y estad\u00edsticas<\/li><li>Agenda corporativa<\/li><li>M\u00f3dulo API<\/li><li>Integraci\u00f3n con CRM<\/li><\/ul>\t\t\t\t\t\t<\/div>\n\t\t\t\t<\/div>\n\t\t\t\t\t<\/div>\n\t\t<\/div>\n\t\t\t\t<div class=\"elementor-column elementor-col-33 elementor-top-column elementor-element elementor-element-14ac864\" data-id=\"14ac864\" data-element_type=\"column\">\n\t\t\t<div class=\"elementor-widget-wrap elementor-element-populated\">\n\t\t\t\t\t\t\t\t<div class=\"elementor-element elementor-element-6b9e847 elementor-widget elementor-widget-heading\" data-id=\"6b9e847\" data-element_type=\"widget\" data-widget_type=\"heading.default\">\n\t\t\t\t<div class=\"elementor-widget-container\">\n\t\t\t<h2 class=\"elementor-heading-title elementor-size-default\">Plan Pro<\/h2>\t\t<\/div>\n\t\t\t\t<\/div>\n\t\t\t\t<div class=\"elementor-element elementor-element-e7d3833 elementor-widget-divider--view-line elementor-widget elementor-widget-divider\" data-id=\"e7d3833\" data-element_type=\"widget\" data-widget_type=\"divider.default\">\n\t\t\t\t<div class=\"elementor-widget-container\">\n\t\t\t\t\t<div class=\"elementor-divider\">\n\t\t\t<span class=\"elementor-divider-separator\">\n\t\t\t\t\t\t<\/span>\n\t\t<\/div>\n\t\t\t\t<\/div>\n\t\t\t\t<\/div>\n\t\t\t\t\t<\/div>\n\t\t<\/div>\n\t\t\t\t\t\t\t<\/div>\n\t\t<\/section>\n\t\t\t\t\t\t\t<\/div>\n\t\t","protected":false},"excerpt":{"rendered":"<p>\u00bfQu\u00e9 es una Central Virtual? Es un sistema de comunicaci\u00f3n avanzado en la nube \u00bfCu\u00e1les son sus ventajas principales? Servicios 100% Cloud. Disponible en cualquier parte con conexi\u00f3n a InternetAhorro de costesIntegraci\u00f3n f\u00e1cil y r\u00e1pida con la m\u00e1xima compatibilidadMejora de la productividad corporativaConfiguraci\u00f3n a medida de las necesidades de cada clienteMe interesa\u00a0 Me Interesa Plan &hellip;<\/p>\n<p class=\"read-more\"> <a class=\"\" href=\"https:\/\/persecom.es\/index.php\/centralita-virtual\/\"> <span class=\"screen-reader-text\">Centralita Virtual<\/span> Leer m\u00e1s \u00bb<\/a><\/p>\n","protected":false},"author":1,"featured_media":0,"parent":0,"menu_order":0,"comment_status":"closed","ping_status":"closed","template":"","meta":{"site-sidebar-layout":"no-sidebar","site-content-layout":"page-builder","ast-global-header-display":"","ast-main-header-display":"","ast-hfb-above-header-display":"","ast-hfb-below-header-display":"","ast-hfb-mobile-header-display":"","site-post-title":"disabled","ast-breadcrumbs-content":"","ast-featured-img":"disabled","footer-sml-layout":"","theme-transparent-header-meta":"","adv-header-id-meta":"","stick-header-meta":"","header-above-stick-meta":"","header-main-stick-meta":"","header-below-stick-meta":"","footnotes":""},"class_list":["post-423","page","type-page","status-publish","hentry"],"_links":{"self":[{"href":"https:\/\/persecom.es\/index.php\/wp-json\/wp\/v2\/pages\/423","targetHints":{"allow":["GET"]}}],"collection":[{"href":"https:\/\/persecom.es\/index.php\/wp-json\/wp\/v2\/pages"}],"about":[{"href":"https:\/\/persecom.es\/index.php\/wp-json\/wp\/v2\/types\/page"}],"author":[{"embeddable":true,"href":"https:\/\/persecom.es\/index.php\/wp-json\/wp\/v2\/users\/1"}],"replies":[{"embeddable":true,"href":"https:\/\/persecom.es\/index.php\/wp-json\/wp\/v2\/comments?post=423"}],"version-history":[{"count":7,"href":"https:\/\/persecom.es\/index.php\/wp-json\/wp\/v2\/pages\/423\/revisions"}],"predecessor-version":[{"id":1141,"href":"https:\/\/persecom.es\/index.php\/wp-json\/wp\/v2\/pages\/423\/revisions\/1141"}],"wp:attachment":[{"href":"https:\/\/persecom.es\/index.php\/wp-json\/wp\/v2\/media?parent=423"}],"curies":[{"name":"wp","href":"https:\/\/api.w.org\/{rel}","templated":true}]}}